{"id":1861,"date":"2025-10-31T00:23:49","date_gmt":"2025-10-30T23:23:49","guid":{"rendered":"https:\/\/www.murmuresmurales.com\/product\/femme-palmier-affiche-avec-accroches\/"},"modified":"2025-11-27T11:17:36","modified_gmt":"2025-11-27T10:17:36","slug":"femme-palmier-affiche-avec-accroches","status":"publish","type":"product","link":"https:\/\/www.murmuresmurales.com\/en\/product\/femme-palmier-affiche-avec-accroches\/","title":{"rendered":"Femme Palmier Affiche avec accroches"},"content":{"rendered":"<p>Une illustration minimaliste en line art repr\u00e9sentant une silhouette f\u00e9minine fusionn\u00e9e avec de larges feuilles de palmier tropical.<br \/>\nCe dessin botanique contemporain \u00e9voque la force, la libert\u00e9 et la s\u00e9r\u00e9nit\u00e9, parfait pour apporter une ambiance exotique et po\u00e9tique \u00e0 vos espaces.<\/p>\n<p>- Hangers in natural Baltic wood<br \/>\n- Hanger thickness: 0.5 mm (0.2 \u00ab )<br \/>\n- Hanger width: 2 cm (0.79 \u00ab )<br \/>\n- Poster secured by magnets<br \/>\n- Supplied with matching chain<br \/>\n- Paper from Japan<br \/>\n- Virgin product from the UK<\/p>\n<p>En conformit\u00e9 avec le R\u00e8glement pour la S\u00e9curit\u00e9 G\u00e9n\u00e9rale des Produits (RSGP), Murmures Murales garantit que tous les produits de consommation propos\u00e9s sont s\u00fbrs et conformes aux normes de l&rsquo;UE. Pour toute question ou pr\u00e9occupation li\u00e9e \u00e0 la s\u00e9curit\u00e9 des produits, veuillez nous contacter.<\/p>","protected":false},"excerpt":{"rendered":"<p>Une illustration minimaliste en line art repr\u00e9sentant une silhouette f\u00e9minine fusionn\u00e9e avec de larges feuilles de palmier tropical. Ce dessin botanique contemporain \u00e9voque la force, la libert\u00e9 et la s\u00e9r\u00e9nit\u00e9, parfait pour apporter une ambiance exotique et po\u00e9tique \u00e0 vos espaces. \u2022 Accroches en bois naturel des pays baltes \u2022 \u00c9paisseur du cintre\u00a0: 0,5\u00a0mm (0,2\u00a0\u00ab\u00a0) [&hellip;]<\/p>","protected":false},"featured_media":1874,"comment_status":"open","ping_status":"closed","template":"","meta":{"advanced_seo_description":"","jetpack_seo_html_title":"","jetpack_seo_noindex":false,"_themeisle_gutenberg_block_has_review":false},"product_brand":[],"product_cat":[95],"product_tag":[172],"class_list":{"0":"post-1861","1":"product","2":"type-product","3":"status-publish","4":"has-post-thumbnail","6":"product_cat-femme-palmier","7":"product_tag-poster-hanger","8":"pa_couleur-blanc","9":"pa_couleur-oak","10":"pa_taille-10x10","11":"pa_taille-12x12","12":"pa_taille-12x16","13":"pa_taille-14x14","14":"pa_taille-16x16","15":"pa_taille-16x20","16":"pa_taille-18x18","18":"first","19":"instock","20":"shipping-taxable","21":"purchasable","22":"product-type-variable"},"jetpack_sharing_enabled":true,"_links":{"self":[{"href":"https:\/\/www.murmuresmurales.com\/en\/wp-json\/wp\/v2\/product\/1861","targetHints":{"allow":["GET"]}}],"collection":[{"href":"https:\/\/www.murmuresmurales.com\/en\/wp-json\/wp\/v2\/product"}],"about":[{"href":"https:\/\/www.murmuresmurales.com\/en\/wp-json\/wp\/v2\/types\/product"}],"replies":[{"embeddable":true,"href":"https:\/\/www.murmuresmurales.com\/en\/wp-json\/wp\/v2\/comments?post=1861"}],"wp:featuredmedia":[{"embeddable":true,"href":"https:\/\/www.murmuresmurales.com\/en\/wp-json\/wp\/v2\/media\/1874"}],"wp:attachment":[{"href":"https:\/\/www.murmuresmurales.com\/en\/wp-json\/wp\/v2\/media?parent=1861"}],"wp:term":[{"taxonomy":"product_brand","embeddable":true,"href":"https:\/\/www.murmuresmurales.com\/en\/wp-json\/wp\/v2\/product_brand?post=1861"},{"taxonomy":"product_cat","embeddable":true,"href":"https:\/\/www.murmuresmurales.com\/en\/wp-json\/wp\/v2\/product_cat?post=1861"},{"taxonomy":"product_tag","embeddable":true,"href":"https:\/\/www.murmuresmurales.com\/en\/wp-json\/wp\/v2\/product_tag?post=1861"}],"curies":[{"name":"wp","href":"https:\/\/api.w.org\/{rel}","templated":true}]}}