{"id":1600,"date":"2025-10-30T23:05:58","date_gmt":"2025-10-30T22:05:58","guid":{"rendered":"https:\/\/www.murmuresmurales.com\/product\/corps-tournesol-toile-encadree\/"},"modified":"2025-11-27T23:27:28","modified_gmt":"2025-11-27T22:27:28","slug":"corps-tournesol-toile-encadree","status":"publish","type":"product","link":"https:\/\/www.murmuresmurales.com\/en\/product\/corps-tournesol-toile-encadree\/","title":{"rendered":"Corps Tournesol Toile encadr\u00e9e"},"content":{"rendered":"<p>Une illustration minimaliste en line art repr\u00e9sentant une silhouette f\u00e9minine assise au c\u0153ur d\u2019un grand tournesol, avec une chevelure v\u00e9g\u00e9tale.<br \/>\nCe dessin botanique po\u00e9tique et contemporain associe symbolisme solaire et douceur f\u00e9minine.<br \/>\nId\u00e9al comme illustration florale solaire, d\u00e9coration murale inspirante ou design textile, il apporte \u00e9clat et s\u00e9r\u00e9nit\u00e9.<\/p>\n<p>\u2022 Cadre en pin<br \/>\n\u2022 \u00c9paisseur du cadre\u00a0: 3,18\u00a0cm (1,25\u00a0\u00ab\u00a0)<br \/>\n\u2022 Dos ouvert<br \/>\n\u2022 Livr\u00e9e avec des coussinets en caoutchouc sur les coins arri\u00e8re<br \/>\n\u2022 Mat\u00e9riel d&rsquo;accrochage attach\u00e9<\/p>\n<p>Avertissements\u00a0:<br \/>\n&#8211; Les toiles encadr\u00e9es avec des cadres marron et noirs ont un int\u00e9rieur noir autour de la toile, et les toiles avec des cadres blancs ont un int\u00e9rieur blanc autour de la toile.<br \/>\n&#8211; Ce produit n&rsquo;est pas destin\u00e9 \u00e0 \u00eatre ponc\u00e9 ou coup\u00e9, cela cr\u00e9era de la poussi\u00e8re en suspension dans l&rsquo;air qui pourrait causer une irritation pulmonaire.<\/p>\n<p>En conformit\u00e9 avec le R\u00e8glement pour la S\u00e9curit\u00e9 G\u00e9n\u00e9rale des Produits (RSGP), Murmures Murales garantit que tous les produits de consommation propos\u00e9s sont s\u00fbrs et conformes aux normes de l&rsquo;UE. Pour toute question ou pr\u00e9occupation li\u00e9e \u00e0 la s\u00e9curit\u00e9 des produits, veuillez nous contacter.<\/p>","protected":false},"excerpt":{"rendered":"<p>Une illustration minimaliste en line art repr\u00e9sentant une silhouette f\u00e9minine assise au c\u0153ur d\u2019un grand tournesol, avec une chevelure v\u00e9g\u00e9tale. Ce dessin botanique po\u00e9tique et contemporain associe symbolisme solaire et douceur f\u00e9minine. Id\u00e9al comme illustration florale solaire, d\u00e9coration murale inspirante ou design textile, il apporte \u00e9clat et s\u00e9r\u00e9nit\u00e9. \u2022 Cadre en pin \u2022 \u00c9paisseur du [&hellip;]<\/p>","protected":false},"featured_media":1640,"comment_status":"open","ping_status":"closed","template":"","meta":{"advanced_seo_description":"","jetpack_seo_html_title":"","jetpack_seo_noindex":false,"_themeisle_gutenberg_block_has_review":false},"product_brand":[],"product_cat":[105],"product_tag":[167],"class_list":{"0":"post-1600","1":"product","2":"type-product","3":"status-publish","4":"has-post-thumbnail","6":"product_cat-corps-tournesol","7":"product_tag-framed-canvas","8":"pa_couleur-blanc","9":"pa_couleur-marron","10":"pa_couleur-noir","11":"pa_taille-11x14","12":"pa_taille-12x12","13":"pa_taille-12x16","14":"pa_taille-12x18","15":"pa_taille-16x16","16":"pa_taille-16x20","17":"pa_taille-18x24","18":"pa_taille-20x28","19":"pa_taille-20x30","20":"pa_taille-24x32","21":"pa_taille-24x36","22":"pa_taille-8x10","23":"pa_taille-9x12","25":"first","26":"instock","27":"shipping-taxable","28":"purchasable","29":"product-type-variable"},"jetpack_sharing_enabled":true,"_links":{"self":[{"href":"https:\/\/www.murmuresmurales.com\/en\/wp-json\/wp\/v2\/product\/1600","targetHints":{"allow":["GET"]}}],"collection":[{"href":"https:\/\/www.murmuresmurales.com\/en\/wp-json\/wp\/v2\/product"}],"about":[{"href":"https:\/\/www.murmuresmurales.com\/en\/wp-json\/wp\/v2\/types\/product"}],"replies":[{"embeddable":true,"href":"https:\/\/www.murmuresmurales.com\/en\/wp-json\/wp\/v2\/comments?post=1600"}],"wp:featuredmedia":[{"embeddable":true,"href":"https:\/\/www.murmuresmurales.com\/en\/wp-json\/wp\/v2\/media\/1640"}],"wp:attachment":[{"href":"https:\/\/www.murmuresmurales.com\/en\/wp-json\/wp\/v2\/media?parent=1600"}],"wp:term":[{"taxonomy":"product_brand","embeddable":true,"href":"https:\/\/www.murmuresmurales.com\/en\/wp-json\/wp\/v2\/product_brand?post=1600"},{"taxonomy":"product_cat","embeddable":true,"href":"https:\/\/www.murmuresmurales.com\/en\/wp-json\/wp\/v2\/product_cat?post=1600"},{"taxonomy":"product_tag","embeddable":true,"href":"https:\/\/www.murmuresmurales.com\/en\/wp-json\/wp\/v2\/product_tag?post=1600"}],"curies":[{"name":"wp","href":"https:\/\/api.w.org\/{rel}","templated":true}]}}