{"id":1479,"date":"2025-10-30T21:27:09","date_gmt":"2025-10-30T20:27:09","guid":{"rendered":"https:\/\/www.murmuresmurales.com\/product\/femme-lavande-negatif-sac-bandouliere\/"},"modified":"2025-11-27T20:16:20","modified_gmt":"2025-11-27T19:16:20","slug":"femme-lavande-negatif-sac-bandouliere","status":"publish","type":"product","link":"https:\/\/www.murmuresmurales.com\/en\/product\/femme-lavande-negatif-sac-bandouliere\/","title":{"rendered":"Femme Lavande NEGATIF Sac bandouli\u00e8re"},"content":{"rendered":"<p>Une illustration minimaliste en line art repr\u00e9sentant un visage f\u00e9minin orn\u00e9 de lavande, symbole de s\u00e9r\u00e9nit\u00e9 et de douceur.<br \/>\nCe dessin po\u00e9tique marie nature et f\u00e9minit\u00e9 dans une composition raffin\u00e9e et apaisante.<br \/>\nId\u00e9al comme illustration florale apaisante, d\u00e9coration murale moderne, inspiration tatouage ou design textile, il s\u2019int\u00e8gre parfaitement dans une ambiance boh\u00e8me et \u00e9l\u00e9gante.<\/p>\n<p>\u2022 Tissu ext\u00e9rieur\u00a0:\u00a0faux cuir<br \/>\n\u2022 Doublure\u00a0:\u00a0100\u00a0% polyester<br \/>\n\u2022 27,9 x 20,3 x 3,8\u00a0cm (11 x 8 x 1,5\u00a0\u00ab\u00a0)<br \/>\n\u2022 Fermeture \u00e0 glissi\u00e8re<br \/>\n\u2022 Poches int\u00e9rieures \u00e0 glissi\u00e8re<br \/>\n\u2022 Bretelles et dragonnes r\u00e9glables et amovibles<br \/>\n\u2022 Longueur de la bretelle\u00a0: de 14 \u00e0 27\u00a0\u00a0\u00bb<\/p>\n<p>En conformit\u00e9 avec le R\u00e8glement pour la S\u00e9curit\u00e9 G\u00e9n\u00e9rale des Produits (RSGP), Murmures Murales garantit que tous les produits de consommation propos\u00e9s sont s\u00fbrs et conformes aux normes de l&rsquo;UE. Pour toute question ou pr\u00e9occupation li\u00e9e \u00e0 la s\u00e9curit\u00e9 des produits, veuillez nous contacter.<\/p>","protected":false},"excerpt":{"rendered":"<p>Une illustration minimaliste en line art repr\u00e9sentant un visage f\u00e9minin orn\u00e9 de lavande, symbole de s\u00e9r\u00e9nit\u00e9 et de douceur. Ce dessin po\u00e9tique marie nature et f\u00e9minit\u00e9 dans une composition raffin\u00e9e et apaisante. Id\u00e9al comme illustration florale apaisante, d\u00e9coration murale moderne, inspiration tatouage ou design textile, il s\u2019int\u00e8gre parfaitement dans une ambiance boh\u00e8me et \u00e9l\u00e9gante. \u2022 [&hellip;]<\/p>","protected":false},"featured_media":1480,"comment_status":"open","ping_status":"closed","template":"","meta":{"advanced_seo_description":"","jetpack_seo_html_title":"","jetpack_seo_noindex":false,"_themeisle_gutenberg_block_has_review":false},"product_brand":[],"product_cat":[36,164],"product_tag":[181],"class_list":{"0":"post-1479","1":"product","2":"type-product","3":"status-publish","4":"has-post-thumbnail","6":"product_cat-femme-lavande","7":"product_cat-limited-edition","8":"product_tag-shoulder-bag","10":"first","11":"instock","12":"shipping-taxable","13":"purchasable","14":"product-type-simple"},"jetpack_sharing_enabled":true,"_links":{"self":[{"href":"https:\/\/www.murmuresmurales.com\/en\/wp-json\/wp\/v2\/product\/1479","targetHints":{"allow":["GET"]}}],"collection":[{"href":"https:\/\/www.murmuresmurales.com\/en\/wp-json\/wp\/v2\/product"}],"about":[{"href":"https:\/\/www.murmuresmurales.com\/en\/wp-json\/wp\/v2\/types\/product"}],"replies":[{"embeddable":true,"href":"https:\/\/www.murmuresmurales.com\/en\/wp-json\/wp\/v2\/comments?post=1479"}],"wp:featuredmedia":[{"embeddable":true,"href":"https:\/\/www.murmuresmurales.com\/en\/wp-json\/wp\/v2\/media\/1480"}],"wp:attachment":[{"href":"https:\/\/www.murmuresmurales.com\/en\/wp-json\/wp\/v2\/media?parent=1479"}],"wp:term":[{"taxonomy":"product_brand","embeddable":true,"href":"https:\/\/www.murmuresmurales.com\/en\/wp-json\/wp\/v2\/product_brand?post=1479"},{"taxonomy":"product_cat","embeddable":true,"href":"https:\/\/www.murmuresmurales.com\/en\/wp-json\/wp\/v2\/product_cat?post=1479"},{"taxonomy":"product_tag","embeddable":true,"href":"https:\/\/www.murmuresmurales.com\/en\/wp-json\/wp\/v2\/product_tag?post=1479"}],"curies":[{"name":"wp","href":"https:\/\/api.w.org\/{rel}","templated":true}]}}