{"id":1284,"date":"2025-10-30T16:36:27","date_gmt":"2025-10-30T15:36:27","guid":{"rendered":"https:\/\/www.murmuresmurales.com\/product\/femme-trefle-tapis-de-souris\/"},"modified":"2025-11-27T21:05:27","modified_gmt":"2025-11-27T20:05:27","slug":"femme-trefle-tapis-de-souris","status":"publish","type":"product","link":"https:\/\/www.murmuresmurales.com\/en\/product\/femme-trefle-tapis-de-souris\/","title":{"rendered":"Femme Tr\u00e8fle Tapis de souris"},"content":{"rendered":"<p>Une illustration minimaliste en line art repr\u00e9sentant une silhouette f\u00e9minine orn\u00e9e de tr\u00e8fles verts, symbole de chance et de renouveau.<br \/>\nCe dessin botanique po\u00e9tique et contemporain associe \u00e9l\u00e9gance et simplicit\u00e9.<br \/>\nId\u00e9al comme illustration florale porte-bonheur, d\u00e9coration murale moderne ou motif textile, il diffuse une \u00e9nergie positive et naturelle.<\/p>\n<p>\u2022 100\u00a0% polyester<br \/>\n\u2022 Base en caoutchouc antid\u00e9rapante<br \/>\n\u2022 Tailles\u00a0: 91,4\u00a0cm \u00d7 45,7\u00a0cm (36&Prime; \u00d7 18&Prime;), 45,8\u00a0cm \u00d7 40,7\u00a0cm (18&Prime; \u00d7 16&Prime;)<br \/>\n\u2022 Couture de bord de haute qualit\u00e9 qui ne se d\u00e9colle pas<\/p>\n<p>Avertissement\u00a0: Non lavable en machine. Nettoyez d\u00e9licatement pour en pr\u00e9server la qualit\u00e9 et l&rsquo;apparence.<\/p>\n<p>En conformit\u00e9 avec le R\u00e8glement pour la S\u00e9curit\u00e9 G\u00e9n\u00e9rale des Produits (RSGP), Murmures Murales garantit que tous les produits de consommation propos\u00e9s sont s\u00fbrs et conformes aux normes de l&rsquo;UE. Pour toute question ou pr\u00e9occupation li\u00e9e \u00e0 la s\u00e9curit\u00e9 des produits, veuillez nous contacter.<\/p>","protected":false},"excerpt":{"rendered":"<p>Une illustration minimaliste en line art repr\u00e9sentant une silhouette f\u00e9minine orn\u00e9e de tr\u00e8fles verts, symbole de chance et de renouveau. Ce dessin botanique po\u00e9tique et contemporain associe \u00e9l\u00e9gance et simplicit\u00e9. Id\u00e9al comme illustration florale porte-bonheur, d\u00e9coration murale moderne ou motif textile, il diffuse une \u00e9nergie positive et naturelle. \u2022 100\u00a0% polyester \u2022 Base en caoutchouc [&hellip;]<\/p>","protected":false},"featured_media":1287,"comment_status":"open","ping_status":"closed","template":"","meta":{"advanced_seo_description":"","jetpack_seo_html_title":"","jetpack_seo_noindex":false,"_themeisle_gutenberg_block_has_review":false},"product_brand":[],"product_cat":[109],"product_tag":[163],"class_list":{"0":"post-1284","1":"product","2":"type-product","3":"status-publish","4":"has-post-thumbnail","6":"product_cat-femme-trefle","7":"product_tag-mouse-pad","8":"pa_taille-18x16","9":"pa_taille-36x18","11":"first","12":"instock","13":"shipping-taxable","14":"purchasable","15":"product-type-variable"},"jetpack_sharing_enabled":true,"_links":{"self":[{"href":"https:\/\/www.murmuresmurales.com\/en\/wp-json\/wp\/v2\/product\/1284","targetHints":{"allow":["GET"]}}],"collection":[{"href":"https:\/\/www.murmuresmurales.com\/en\/wp-json\/wp\/v2\/product"}],"about":[{"href":"https:\/\/www.murmuresmurales.com\/en\/wp-json\/wp\/v2\/types\/product"}],"replies":[{"embeddable":true,"href":"https:\/\/www.murmuresmurales.com\/en\/wp-json\/wp\/v2\/comments?post=1284"}],"wp:featuredmedia":[{"embeddable":true,"href":"https:\/\/www.murmuresmurales.com\/en\/wp-json\/wp\/v2\/media\/1287"}],"wp:attachment":[{"href":"https:\/\/www.murmuresmurales.com\/en\/wp-json\/wp\/v2\/media?parent=1284"}],"wp:term":[{"taxonomy":"product_brand","embeddable":true,"href":"https:\/\/www.murmuresmurales.com\/en\/wp-json\/wp\/v2\/product_brand?post=1284"},{"taxonomy":"product_cat","embeddable":true,"href":"https:\/\/www.murmuresmurales.com\/en\/wp-json\/wp\/v2\/product_cat?post=1284"},{"taxonomy":"product_tag","embeddable":true,"href":"https:\/\/www.murmuresmurales.com\/en\/wp-json\/wp\/v2\/product_tag?post=1284"}],"curies":[{"name":"wp","href":"https:\/\/api.w.org\/{rel}","templated":true}]}}