{"id":1057,"date":"2025-10-30T01:31:51","date_gmt":"2025-10-30T00:31:51","guid":{"rendered":"https:\/\/www.murmuresmurales.com\/product\/femme-trefle-debardeur-femme\/"},"modified":"2025-11-27T21:07:48","modified_gmt":"2025-11-27T20:07:48","slug":"femme-trefle-debardeur-femme","status":"publish","type":"product","link":"https:\/\/www.murmuresmurales.com\/en\/product\/femme-trefle-debardeur-femme\/","title":{"rendered":"Femme Tr\u00e8fle D\u00e9bardeur"},"content":{"rendered":"<p>Une illustration minimaliste en line art repr\u00e9sentant une silhouette f\u00e9minine orn\u00e9e de tr\u00e8fles verts, symbole de chance et de renouveau.<br \/>\nCe dessin botanique po\u00e9tique et contemporain associe \u00e9l\u00e9gance et simplicit\u00e9.<br \/>\nId\u00e9al comme illustration florale porte-bonheur, d\u00e9coration murale moderne ou motif textile, il diffuse une \u00e9nergie positive et naturelle.<\/p>\n<p>\u2022 60\u00a0%\u00a0coton peign\u00e9 fil\u00e9 \u00e0 l&rsquo;anneau et 40\u00a0% polyester<br \/>\n\u2022 Jersey l\u00e9ger<br \/>\n\u2022 Respirant et confortable pour une utilisation toute la journ\u00e9e<br \/>\n\u2022 Silhouette ajust\u00e9e<br \/>\n\u2022 Encolure d\u00e9gag\u00e9e et dos nageur<br \/>\n\u2022 Produit vierge provenant du Honduras<\/p>\n<p>En conformit\u00e9 avec le R\u00e8glement pour la S\u00e9curit\u00e9 G\u00e9n\u00e9rale des Produits (RSGP), Murmures Murales garantit que tous les produits de consommation propos\u00e9s sont s\u00fbrs et conformes aux normes de l&rsquo;UE. Pour toute question ou pr\u00e9occupation li\u00e9e \u00e0 la s\u00e9curit\u00e9 des produits, veuillez nous contacter.<\/p>","protected":false},"excerpt":{"rendered":"<p>Une illustration minimaliste en line art repr\u00e9sentant une silhouette f\u00e9minine orn\u00e9e de tr\u00e8fles verts, symbole de chance et de renouveau. Ce dessin botanique po\u00e9tique et contemporain associe \u00e9l\u00e9gance et simplicit\u00e9. Id\u00e9al comme illustration florale porte-bonheur, d\u00e9coration murale moderne ou motif textile, il diffuse une \u00e9nergie positive et naturelle. \u2022 60\u00a0%\u00a0coton peign\u00e9 fil\u00e9 \u00e0 l&rsquo;anneau et [&hellip;]<\/p>","protected":false},"featured_media":1078,"comment_status":"open","ping_status":"closed","template":"","meta":{"advanced_seo_description":"","jetpack_seo_html_title":"","jetpack_seo_noindex":false,"_themeisle_gutenberg_block_has_review":false},"product_brand":[],"product_cat":[109],"product_tag":[166],"class_list":{"0":"post-1057","1":"product","2":"type-product","3":"status-publish","4":"has-post-thumbnail","6":"product_cat-femme-trefle","7":"product_tag-women-tank","8":"pa_couleur-blanc","9":"pa_couleur-gris-chine","10":"pa_couleur-noir","11":"pa_taille-2-xl","12":"pa_taille-l","13":"pa_taille-m","14":"pa_taille-s","15":"pa_taille-xl","16":"pa_taille-xs","18":"first","19":"instock","20":"shipping-taxable","21":"purchasable","22":"product-type-variable"},"jetpack_sharing_enabled":true,"_links":{"self":[{"href":"https:\/\/www.murmuresmurales.com\/en\/wp-json\/wp\/v2\/product\/1057","targetHints":{"allow":["GET"]}}],"collection":[{"href":"https:\/\/www.murmuresmurales.com\/en\/wp-json\/wp\/v2\/product"}],"about":[{"href":"https:\/\/www.murmuresmurales.com\/en\/wp-json\/wp\/v2\/types\/product"}],"replies":[{"embeddable":true,"href":"https:\/\/www.murmuresmurales.com\/en\/wp-json\/wp\/v2\/comments?post=1057"}],"wp:featuredmedia":[{"embeddable":true,"href":"https:\/\/www.murmuresmurales.com\/en\/wp-json\/wp\/v2\/media\/1078"}],"wp:attachment":[{"href":"https:\/\/www.murmuresmurales.com\/en\/wp-json\/wp\/v2\/media?parent=1057"}],"wp:term":[{"taxonomy":"product_brand","embeddable":true,"href":"https:\/\/www.murmuresmurales.com\/en\/wp-json\/wp\/v2\/product_brand?post=1057"},{"taxonomy":"product_cat","embeddable":true,"href":"https:\/\/www.murmuresmurales.com\/en\/wp-json\/wp\/v2\/product_cat?post=1057"},{"taxonomy":"product_tag","embeddable":true,"href":"https:\/\/www.murmuresmurales.com\/en\/wp-json\/wp\/v2\/product_tag?post=1057"}],"curies":[{"name":"wp","href":"https:\/\/api.w.org\/{rel}","templated":true}]}}