{"id":136,"date":"2025-10-21T10:00:45","date_gmt":"2025-10-21T10:00:45","guid":{"rendered":"https:\/\/www.murmuresmurales.com\/?page_id=136"},"modified":"2025-12-12T17:15:06","modified_gmt":"2025-12-12T16:15:06","slug":"a-propos","status":"publish","type":"page","link":"https:\/\/www.murmuresmurales.com\/en\/a-propos\/","title":{"rendered":"About us"},"content":{"rendered":"<h2 class=\"wp-block-heading o-typing-fast\">Faire respirer vos murs avec po\u00e9sie<\/h2>\n\n\n\n<div class=\"wp-block-columns is-layout-flex wp-container-core-columns-is-layout-28f84493 wp-block-columns-is-layout-flex\">\n<div class=\"wp-block-column is-layout-flow wp-block-column-is-layout-flow\" style=\"flex-basis:100%\">\n<div class=\"wp-block-columns is-layout-flex wp-container-core-columns-is-layout-28f84493 wp-block-columns-is-layout-flex\">\n<div class=\"wp-block-column is-layout-flow wp-block-column-is-layout-flow\" style=\"flex-basis:33.33%\">\n<figure class=\"wp-block-image size-large has-custom-border is-style-rounded\" style=\"margin-top:0;margin-bottom:0\"><img loading=\"lazy\" decoding=\"async\" width=\"1024\" height=\"1024\" src=\"https:\/\/www.murmuresmurales.com\/wp-content\/uploads\/2025\/10\/318755247_3351551305088276_8570972027949881423_n-1024x1024.jpg\" alt=\"\" class=\"wp-image-314\" style=\"border-style:none;border-width:0px\" srcset=\"https:\/\/www.murmuresmurales.com\/wp-content\/uploads\/2025\/10\/318755247_3351551305088276_8570972027949881423_n-1024x1024.jpg 1024w, https:\/\/www.murmuresmurales.com\/wp-content\/uploads\/2025\/10\/318755247_3351551305088276_8570972027949881423_n-300x300.jpg 300w, https:\/\/www.murmuresmurales.com\/wp-content\/uploads\/2025\/10\/318755247_3351551305088276_8570972027949881423_n-150x150.jpg 150w, https:\/\/www.murmuresmurales.com\/wp-content\/uploads\/2025\/10\/318755247_3351551305088276_8570972027949881423_n-768x768.jpg 768w, https:\/\/www.murmuresmurales.com\/wp-content\/uploads\/2025\/10\/318755247_3351551305088276_8570972027949881423_n-416x416.jpg 416w, https:\/\/www.murmuresmurales.com\/wp-content\/uploads\/2025\/10\/318755247_3351551305088276_8570972027949881423_n-100x100.jpg 100w, https:\/\/www.murmuresmurales.com\/wp-content\/uploads\/2025\/10\/318755247_3351551305088276_8570972027949881423_n.jpg 1296w\" sizes=\"auto, (max-width: 1024px) 100vw, 1024px\" \/><figcaption class=\"wp-element-caption\">Gwenaelle Salaun, illustratrice et muraliste<\/figcaption><\/figure>\n<\/div>\n\n\n\n<div class=\"wp-block-column is-layout-flow wp-block-column-is-layout-flow\" style=\"flex-basis:66.66%\">\n<p>Ici, chaque cr\u00e9ation est un souffle, une ligne, une fleur. Je peins des fresques murales et je dessine des illustrations minimalistes qui c\u00e9l\u00e8brent la beaut\u00e9 f\u00e9minine, la nature, et l\u2019introspection \u2014 pour transformer vos murs et objets en lieux d\u2019ancrage, d\u2019inspiration et de douceur.<br><br><strong>Mon but:<\/strong><\/p>\n\n\n\n<ul class=\"wp-block-list\">\n<li>faire dialoguer l\u2019art, le soin de soi et la nature<\/li>\n\n\n\n<li>cr\u00e9er des \u0153uvres qui vous regardent et vous \u00e9l\u00e8vent<\/li>\n\n\n\n<li>faire du vide un lieu habit\u00e9 et du mur un confident<\/li>\n<\/ul>\n<\/div>\n<\/div>\n<\/div>\n<\/div>\n\n\n\n<div class=\"wp-block-columns is-layout-flex wp-container-core-columns-is-layout-28f84493 wp-block-columns-is-layout-flex\">\n<div class=\"wp-block-column is-layout-flow wp-block-column-is-layout-flow\">\n<h2 class=\"wp-block-heading\">Des fresques murales<br>peintes \u00e0 la main<\/h2>\n\n\n\n<ul class=\"wp-block-list\">\n<li><strong>Des fresques murales sur mesure<\/strong>, parfaitement imparfaites, peintes \u00e0 la main avec des peintures acryliques durables.<\/li>\n\n\n\n<li><strong>Des compositions minimalistes ou organiques<\/strong>, inspir\u00e9es de la nature, des plantes, et du souffle du vivant.<\/li>\n\n\n\n<li><strong>Des simulations num\u00e9riques<\/strong> avant la r\u00e9alisation, pour visualiser le rendu dans votre espace.<\/li>\n\n\n\n<li><strong>Un accompagnement personnalis\u00e9<\/strong>, de la premi\u00e8re id\u00e9e au dernier coup de pinceau.<\/li>\n<\/ul>\n\n\n\n<p><\/p>\n\n\n\n<figure class=\"wp-block-image size-full\"><img loading=\"lazy\" decoding=\"async\" width=\"1024\" height=\"1024\" src=\"https:\/\/www.murmuresmurales.com\/wp-content\/uploads\/2025\/10\/ChatGPT-Image-25-oct.-2025-18_52_47.png\" alt=\"\" class=\"wp-image-317\" style=\"aspect-ratio:1;object-fit:cover\" srcset=\"https:\/\/www.murmuresmurales.com\/wp-content\/uploads\/2025\/10\/ChatGPT-Image-25-oct.-2025-18_52_47.png 1024w, https:\/\/www.murmuresmurales.com\/wp-content\/uploads\/2025\/10\/ChatGPT-Image-25-oct.-2025-18_52_47-300x300.png 300w, https:\/\/www.murmuresmurales.com\/wp-content\/uploads\/2025\/10\/ChatGPT-Image-25-oct.-2025-18_52_47-150x150.png 150w, https:\/\/www.murmuresmurales.com\/wp-content\/uploads\/2025\/10\/ChatGPT-Image-25-oct.-2025-18_52_47-768x768.png 768w, https:\/\/www.murmuresmurales.com\/wp-content\/uploads\/2025\/10\/ChatGPT-Image-25-oct.-2025-18_52_47-416x416.png 416w, https:\/\/www.murmuresmurales.com\/wp-content\/uploads\/2025\/10\/ChatGPT-Image-25-oct.-2025-18_52_47-100x100.png 100w\" sizes=\"auto, (max-width: 1024px) 100vw, 1024px\" \/><\/figure>\n\n\n\n<div class=\"wp-block-buttons is-layout-flex wp-block-buttons-is-layout-flex\">\n<div class=\"wp-block-button\"><a class=\"wp-block-button__link wp-element-button\" href=\"https:\/\/www.murmuresmurales.com\/en\/fresques-murales\/\">See the murals<\/a><\/div>\n<\/div>\n<\/div>\n\n\n\n<div class=\"wp-block-column is-layout-flow wp-block-column-is-layout-flow\">\n<h2 class=\"wp-block-heading\">Des illustrations v\u00e9g\u00e9tales<br>imprim\u00e9es avec amour<\/h2>\n\n\n\n<ul class=\"wp-block-list\">\n<li><strong>Des cr\u00e9ations po\u00e9tiques et \u00e9pur\u00e9es<\/strong>, n\u00e9es d\u2019un trait, d\u2019une \u00e9motion ou d\u2019une valeur.<\/li>\n\n\n\n<li><strong>Des visuels d\u00e9clin\u00e9s en tirages d\u2019art<\/strong>, affiches et objets imprim\u00e9s, pour apporter douceur, couleur et respiration \u00e0 votre int\u00e9rieur.<\/li>\n\n\n\n<li><strong>Des compositions originales<\/strong> r\u00e9alis\u00e9es sur iPad, imprim\u00e9es \u00e0 la demande via des partenaires de qualit\u00e9, sur papiers ou supports durables.<\/li>\n\n\n\n<li>Des \u0153uvres pens\u00e9es comme des <strong>murmures visuels<\/strong> \u2014 entre ligne, v\u00e9g\u00e9tal et silence \u2014 \u00e0 offrir ou \u00e0 s\u2019offrir.<br><\/li>\n<\/ul>\n\n\n\n<figure class=\"wp-block-image size-large\"><img loading=\"lazy\" decoding=\"async\" width=\"1024\" height=\"1024\" src=\"https:\/\/www.murmuresmurales.com\/wp-content\/uploads\/2025\/10\/white-ceramic-mug-with-color-inside-black-15-oz-left-68f7583a0357b-1024x1024.jpg\" alt=\"\" class=\"wp-image-262\" style=\"aspect-ratio:1;object-fit:cover\" srcset=\"https:\/\/www.murmuresmurales.com\/wp-content\/uploads\/2025\/10\/white-ceramic-mug-with-color-inside-black-15-oz-left-68f7583a0357b-1024x1024.jpg 1024w, https:\/\/www.murmuresmurales.com\/wp-content\/uploads\/2025\/10\/white-ceramic-mug-with-color-inside-black-15-oz-left-68f7583a0357b-300x300.jpg 300w, https:\/\/www.murmuresmurales.com\/wp-content\/uploads\/2025\/10\/white-ceramic-mug-with-color-inside-black-15-oz-left-68f7583a0357b-150x150.jpg 150w, https:\/\/www.murmuresmurales.com\/wp-content\/uploads\/2025\/10\/white-ceramic-mug-with-color-inside-black-15-oz-left-68f7583a0357b-768x768.jpg 768w, https:\/\/www.murmuresmurales.com\/wp-content\/uploads\/2025\/10\/white-ceramic-mug-with-color-inside-black-15-oz-left-68f7583a0357b-1536x1536.jpg 1536w, https:\/\/www.murmuresmurales.com\/wp-content\/uploads\/2025\/10\/white-ceramic-mug-with-color-inside-black-15-oz-left-68f7583a0357b-1320x1320.jpg 1320w, https:\/\/www.murmuresmurales.com\/wp-content\/uploads\/2025\/10\/white-ceramic-mug-with-color-inside-black-15-oz-left-68f7583a0357b-416x416.jpg 416w, https:\/\/www.murmuresmurales.com\/wp-content\/uploads\/2025\/10\/white-ceramic-mug-with-color-inside-black-15-oz-left-68f7583a0357b-100x100.jpg 100w, https:\/\/www.murmuresmurales.com\/wp-content\/uploads\/2025\/10\/white-ceramic-mug-with-color-inside-black-15-oz-left-68f7583a0357b.jpg 2000w\" sizes=\"auto, (max-width: 1024px) 100vw, 1024px\" \/><\/figure>\n\n\n\n<div class=\"wp-block-buttons is-layout-flex wp-block-buttons-is-layout-flex\">\n<div class=\"wp-block-button\"><a class=\"wp-block-button__link has-text-color has-background has-link-color wp-element-button\" href=\"https:\/\/www.murmuresmurales.com\/en\/shop\/\" style=\"color:#2e2e2e;background-color:#e7d2c8\">Voir la boutique<\/a><\/div>\n<\/div>\n<\/div>\n<\/div>\n\n\n\n<p><\/p>\n\n\n\n<hr class=\"wp-block-separator has-alpha-channel-opacity\"\/>\n\n\n\n<h2 class=\"wp-block-heading\" id=\"contact\">Un mot doux, une question, une suggestion? Parlons-nous!<\/h2>\n\n\n<div class=\"wp-block-jetpack-contact-form is-layout-flex wp-container-jetpack-contact-form-is-layout-2b4208ba wp-block-jetpack-contact-form-is-layout-flex\"><a href=\"https:\/\/www.murmuresmurales.com\/en\/a-propos\/\" target=\"_blank\" rel=\"noopener noreferrer\">Submit a form.<\/a><\/div>\n\n\n<p><\/p>\n\n\n\n<hr class=\"wp-block-separator has-alpha-channel-opacity\"\/>\n\n\n\n<p><\/p>\n\n\n\n<h2 class=\"wp-block-heading\">Derniers articles<\/h2>\n\n\n<ul class=\"wp-block-latest-posts__list is-grid columns-5 aligncenter wp-block-latest-posts\"><li><div class=\"wp-block-latest-posts__featured-image\"><a href=\"https:\/\/www.murmuresmurales.com\/en\/2025\/12\/12\/femme-lavande-qui-est-elle\/\" aria-label=\"Femme Lavande: qui est-elle?\"><img loading=\"lazy\" decoding=\"async\" width=\"300\" height=\"240\" src=\"https:\/\/www.murmuresmurales.com\/wp-content\/uploads\/2025\/11\/enhanced-matte-paper-poster-cm-70x100-cm-front-690a6531dff4d-e1765555491380-300x240.jpg\" class=\"attachment-medium size-medium wp-post-image\" alt=\"\" style=\"\" srcset=\"https:\/\/www.murmuresmurales.com\/wp-content\/uploads\/2025\/11\/enhanced-matte-paper-poster-cm-70x100-cm-front-690a6531dff4d-e1765555491380-300x240.jpg 300w, https:\/\/www.murmuresmurales.com\/wp-content\/uploads\/2025\/11\/enhanced-matte-paper-poster-cm-70x100-cm-front-690a6531dff4d-e1765555491380-768x615.jpg 768w, https:\/\/www.murmuresmurales.com\/wp-content\/uploads\/2025\/11\/enhanced-matte-paper-poster-cm-70x100-cm-front-690a6531dff4d-e1765555491380-15x12.jpg 15w, https:\/\/www.murmuresmurales.com\/wp-content\/uploads\/2025\/11\/enhanced-matte-paper-poster-cm-70x100-cm-front-690a6531dff4d-e1765555491380-416x333.jpg 416w, https:\/\/www.murmuresmurales.com\/wp-content\/uploads\/2025\/11\/enhanced-matte-paper-poster-cm-70x100-cm-front-690a6531dff4d-e1765555491380.jpg 800w\" sizes=\"auto, (max-width: 300px) 100vw, 300px\" \/><\/a><\/div><a class=\"wp-block-latest-posts__post-title\" href=\"https:\/\/www.murmuresmurales.com\/en\/2025\/12\/12\/femme-lavande-qui-est-elle\/\">Femme Lavande: qui est-elle?<\/a><\/li>\n<li><div class=\"wp-block-latest-posts__featured-image\"><a href=\"https:\/\/www.murmuresmurales.com\/en\/2025\/12\/10\/femme-paquerette-qui-est-elle\/\" aria-label=\"Femme P\u00e2querette: qui est-elle?\"><img loading=\"lazy\" decoding=\"async\" width=\"300\" height=\"225\" src=\"https:\/\/www.murmuresmurales.com\/wp-content\/uploads\/2025\/11\/enhanced-matte-paper-poster-cm-61x91-cm-front-6906940915c95-e1765390412414-300x225.jpg\" class=\"attachment-medium size-medium wp-post-image\" alt=\"\" style=\"\" srcset=\"https:\/\/www.murmuresmurales.com\/wp-content\/uploads\/2025\/11\/enhanced-matte-paper-poster-cm-61x91-cm-front-6906940915c95-e1765390412414-300x225.jpg 300w, https:\/\/www.murmuresmurales.com\/wp-content\/uploads\/2025\/11\/enhanced-matte-paper-poster-cm-61x91-cm-front-6906940915c95-e1765390412414-768x575.jpg 768w, https:\/\/www.murmuresmurales.com\/wp-content\/uploads\/2025\/11\/enhanced-matte-paper-poster-cm-61x91-cm-front-6906940915c95-e1765390412414-416x311.jpg 416w, https:\/\/www.murmuresmurales.com\/wp-content\/uploads\/2025\/11\/enhanced-matte-paper-poster-cm-61x91-cm-front-6906940915c95-e1765390412414-16x12.jpg 16w, https:\/\/www.murmuresmurales.com\/wp-content\/uploads\/2025\/11\/enhanced-matte-paper-poster-cm-61x91-cm-front-6906940915c95-e1765390412414.jpg 800w\" sizes=\"auto, (max-width: 300px) 100vw, 300px\" \/><\/a><\/div><a class=\"wp-block-latest-posts__post-title\" href=\"https:\/\/www.murmuresmurales.com\/en\/2025\/12\/10\/femme-paquerette-qui-est-elle\/\">Femme P\u00e2querette: qui est-elle?<\/a><\/li>\n<li><div class=\"wp-block-latest-posts__featured-image\"><a href=\"https:\/\/www.murmuresmurales.com\/en\/2025\/12\/09\/femme-fleur-bleue-qui-est-elle\/\" aria-label=\"Femme Fleur Bleue: qui est-elle?\"><img loading=\"lazy\" decoding=\"async\" width=\"300\" height=\"225\" src=\"https:\/\/www.murmuresmurales.com\/wp-content\/uploads\/2025\/11\/enhanced-matte-paper-poster-cm-61x91-cm-front-690693b18f65f-e1765239568941-300x225.jpg\" class=\"attachment-medium size-medium wp-post-image\" alt=\"\" style=\"\" srcset=\"https:\/\/www.murmuresmurales.com\/wp-content\/uploads\/2025\/11\/enhanced-matte-paper-poster-cm-61x91-cm-front-690693b18f65f-e1765239568941-300x225.jpg 300w, https:\/\/www.murmuresmurales.com\/wp-content\/uploads\/2025\/11\/enhanced-matte-paper-poster-cm-61x91-cm-front-690693b18f65f-e1765239568941-768x576.jpg 768w, https:\/\/www.murmuresmurales.com\/wp-content\/uploads\/2025\/11\/enhanced-matte-paper-poster-cm-61x91-cm-front-690693b18f65f-e1765239568941-416x312.jpg 416w, https:\/\/www.murmuresmurales.com\/wp-content\/uploads\/2025\/11\/enhanced-matte-paper-poster-cm-61x91-cm-front-690693b18f65f-e1765239568941-16x12.jpg 16w, https:\/\/www.murmuresmurales.com\/wp-content\/uploads\/2025\/11\/enhanced-matte-paper-poster-cm-61x91-cm-front-690693b18f65f-e1765239568941.jpg 800w\" sizes=\"auto, (max-width: 300px) 100vw, 300px\" \/><\/a><\/div><a class=\"wp-block-latest-posts__post-title\" href=\"https:\/\/www.murmuresmurales.com\/en\/2025\/12\/09\/femme-fleur-bleue-qui-est-elle\/\">Femme Fleur Bleue: qui est-elle?<\/a><\/li>\n<li><div class=\"wp-block-latest-posts__featured-image\"><a href=\"https:\/\/www.murmuresmurales.com\/en\/2025\/12\/08\/femme-lilas-qui-est-elle\/\" aria-label=\"Femme Lilas: qui est-elle?\"><img loading=\"lazy\" decoding=\"async\" width=\"300\" height=\"239\" src=\"https:\/\/www.murmuresmurales.com\/wp-content\/uploads\/2025\/11\/enhanced-matte-paper-poster-cm-70x100-cm-front-6906962b607e7-e1765238106494-300x239.jpg\" class=\"attachment-medium size-medium wp-post-image\" alt=\"\" style=\"\" srcset=\"https:\/\/www.murmuresmurales.com\/wp-content\/uploads\/2025\/11\/enhanced-matte-paper-poster-cm-70x100-cm-front-6906962b607e7-e1765238106494-300x239.jpg 300w, https:\/\/www.murmuresmurales.com\/wp-content\/uploads\/2025\/11\/enhanced-matte-paper-poster-cm-70x100-cm-front-6906962b607e7-e1765238106494-768x613.jpg 768w, https:\/\/www.murmuresmurales.com\/wp-content\/uploads\/2025\/11\/enhanced-matte-paper-poster-cm-70x100-cm-front-6906962b607e7-e1765238106494-416x332.jpg 416w, https:\/\/www.murmuresmurales.com\/wp-content\/uploads\/2025\/11\/enhanced-matte-paper-poster-cm-70x100-cm-front-6906962b607e7-e1765238106494-15x12.jpg 15w, https:\/\/www.murmuresmurales.com\/wp-content\/uploads\/2025\/11\/enhanced-matte-paper-poster-cm-70x100-cm-front-6906962b607e7-e1765238106494.jpg 1000w\" sizes=\"auto, (max-width: 300px) 100vw, 300px\" \/><\/a><\/div><a class=\"wp-block-latest-posts__post-title\" href=\"https:\/\/www.murmuresmurales.com\/en\/2025\/12\/08\/femme-lilas-qui-est-elle\/\">Femme Lilas: qui est-elle?<\/a><\/li>\n<\/ul>","protected":false},"excerpt":{"rendered":"<p>Faire respirer vos murs avec po\u00e9sie Ici, chaque cr\u00e9ation est un souffle, une ligne, une fleur. Je peins des fresques murales et je dessine des illustrations minimalistes qui c\u00e9l\u00e8brent la beaut\u00e9 f\u00e9minine, la nature, et l\u2019introspection \u2014 pour transformer vos murs et objets en lieux d\u2019ancrage, d\u2019inspiration et de douceur. Mon but: Des fresques muralespeintes [&hellip;]<\/p>","protected":false},"author":2,"featured_media":0,"parent":0,"menu_order":0,"comment_status":"closed","ping_status":"closed","template":"","meta":{"advanced_seo_description":"Apprenez en plus sur ce qui m'anime dans la cr\u00e9ation de chacune des murales et illustrations de Murmures. Pour toute question; contactez moi ici!","jetpack_seo_html_title":"A propos de Murmures Murales","jetpack_seo_noindex":false,"_themeisle_gutenberg_block_has_review":false,"footnotes":""},"class_list":["post-136","page","type-page","status-publish","hentry"],"jetpack_sharing_enabled":true,"_links":{"self":[{"href":"https:\/\/www.murmuresmurales.com\/en\/wp-json\/wp\/v2\/pages\/136","targetHints":{"allow":["GET"]}}],"collection":[{"href":"https:\/\/www.murmuresmurales.com\/en\/wp-json\/wp\/v2\/pages"}],"about":[{"href":"https:\/\/www.murmuresmurales.com\/en\/wp-json\/wp\/v2\/types\/page"}],"author":[{"embeddable":true,"href":"https:\/\/www.murmuresmurales.com\/en\/wp-json\/wp\/v2\/users\/2"}],"replies":[{"embeddable":true,"href":"https:\/\/www.murmuresmurales.com\/en\/wp-json\/wp\/v2\/comments?post=136"}],"version-history":[{"count":15,"href":"https:\/\/www.murmuresmurales.com\/en\/wp-json\/wp\/v2\/pages\/136\/revisions"}],"predecessor-version":[{"id":5222,"href":"https:\/\/www.murmuresmurales.com\/en\/wp-json\/wp\/v2\/pages\/136\/revisions\/5222"}],"wp:attachment":[{"href":"https:\/\/www.murmuresmurales.com\/en\/wp-json\/wp\/v2\/media?parent=136"}],"curies":[{"name":"wp","href":"https:\/\/api.w.org\/{rel}","templated":true}]}}