{"id":121,"date":"2025-10-15T14:30:03","date_gmt":"2025-10-15T14:30:03","guid":{"rendered":"https:\/\/www.murmuresmurales.com\/home\/"},"modified":"2025-11-01T14:57:26","modified_gmt":"2025-11-01T13:57:26","slug":"home","status":"publish","type":"page","link":"https:\/\/www.murmuresmurales.com\/en\/","title":{"rendered":"Welcome to Murmures"},"content":{"rendered":"<div class=\"wp-block-columns is-layout-flex wp-container-core-columns-is-layout-28f84493 wp-block-columns-is-layout-flex\">\n<div class=\"wp-block-column is-vertically-aligned-top is-layout-flow wp-block-column-is-layout-flow\"><div class=\"wp-block-image\">\n<figure class=\"aligncenter size-large is-resized\"><img loading=\"lazy\" decoding=\"async\" width=\"851\" height=\"1024\" src=\"https:\/\/www.murmuresmurales.com\/wp-content\/uploads\/2025\/10\/Logo-Murmures-Complet-couleurs-fond-transparent-vertical-851x1024.png\" alt=\"\" class=\"wp-image-182\" style=\"width:318px;height:auto\" srcset=\"https:\/\/www.murmuresmurales.com\/wp-content\/uploads\/2025\/10\/Logo-Murmures-Complet-couleurs-fond-transparent-vertical-851x1024.png 851w, https:\/\/www.murmuresmurales.com\/wp-content\/uploads\/2025\/10\/Logo-Murmures-Complet-couleurs-fond-transparent-vertical-249x300.png 249w, https:\/\/www.murmuresmurales.com\/wp-content\/uploads\/2025\/10\/Logo-Murmures-Complet-couleurs-fond-transparent-vertical-768x924.png 768w, https:\/\/www.murmuresmurales.com\/wp-content\/uploads\/2025\/10\/Logo-Murmures-Complet-couleurs-fond-transparent-vertical-1277x1536.png 1277w, https:\/\/www.murmuresmurales.com\/wp-content\/uploads\/2025\/10\/Logo-Murmures-Complet-couleurs-fond-transparent-vertical-1320x1588.png 1320w, https:\/\/www.murmuresmurales.com\/wp-content\/uploads\/2025\/10\/Logo-Murmures-Complet-couleurs-fond-transparent-vertical-416x500.png 416w, https:\/\/www.murmuresmurales.com\/wp-content\/uploads\/2025\/10\/Logo-Murmures-Complet-couleurs-fond-transparent-vertical.png 1645w\" sizes=\"auto, (max-width: 851px) 100vw, 851px\" \/><\/figure>\n<\/div><\/div>\n\n\n\n<div class=\"wp-block-column is-vertically-aligned-top is-layout-flow wp-block-column-is-layout-flow\">\n<h2 class=\"wp-block-heading o-typing-fast\"><strong>Let your walls breathe<\/strong><br><strong>with poetry<\/strong><\/h2>\n\n\n\n<p>Here, each creation is a breath, a line, a flower.<br>I paint murals and draw minimalist illustrations that celebrate feminine beauty, nature and introspection - transforming your places and objects into places of anchorage, inspiration and softness.<br>Enjoy your visit!<br><br>- Gwen<\/p>\n\n\n\n<div class=\"wp-block-buttons is-horizontal is-content-justification-center is-nowrap is-layout-flex wp-container-core-buttons-is-layout-b8f2d641 wp-block-buttons-is-layout-flex\">\n<div class=\"wp-block-button is-style-fill\"><a class=\"wp-block-button__link has-text-color has-background has-link-color wp-element-button\" href=\"https:\/\/www.murmuresmurales.com\/en\/shop\/\" style=\"color:#2e2e2e;background-color:#e7d2c8\">See printed illustrations<\/a><\/div>\n\n\n\n<div class=\"wp-block-button\"><a class=\"wp-block-button__link wp-element-button\" href=\"https:\/\/www.murmuresmurales.com\/en\/fresques-murales\/\">See the murals<\/a><\/div>\n<\/div>\n<\/div>\n<\/div>\n\n\n\n<h2 class=\"wp-block-heading\"><strong>From your items...<\/strong><\/h2>\n\n\n\n<div class=\"wp-block-columns container is-layout-flex wp-container-core-columns-is-layout-28f84493 wp-block-columns-is-layout-flex\">\n<div class=\"wp-block-column col-md-6 col-md-offset1 is-layout-flow wp-block-column-is-layout-flow\">\n<div class=\"wp-block-columns is-layout-flex wp-container-core-columns-is-layout-28f84493 wp-block-columns-is-layout-flex\">\n<div class=\"wp-block-column is-layout-flow wp-block-column-is-layout-flow\">\n<figure data-wp-context=\"{&quot;imageId&quot;:&quot;69e1aa8b6d905&quot;}\" data-wp-interactive=\"core\/image\" data-wp-key=\"69e1aa8b6d905\" class=\"wp-block-image size-full wp-lightbox-container\"><img loading=\"lazy\" decoding=\"async\" width=\"750\" height=\"1000\" data-wp-class--hide=\"state.isContentHidden\" data-wp-class--show=\"state.isContentVisible\" data-wp-init=\"callbacks.setButtonStyles\" data-wp-on--click=\"actions.showLightbox\" data-wp-on--load=\"callbacks.setButtonStyles\" data-wp-on-window--resize=\"callbacks.setButtonStyles\" src=\"https:\/\/www.murmuresmurales.com\/wp-content\/uploads\/2025\/10\/work-173992641-tapis-de-souris.jpg\" alt=\"\" class=\"wp-image-207\" srcset=\"https:\/\/www.murmuresmurales.com\/wp-content\/uploads\/2025\/10\/work-173992641-tapis-de-souris.jpg 750w, https:\/\/www.murmuresmurales.com\/wp-content\/uploads\/2025\/10\/work-173992641-tapis-de-souris-225x300.jpg 225w, https:\/\/www.murmuresmurales.com\/wp-content\/uploads\/2025\/10\/work-173992641-tapis-de-souris-416x555.jpg 416w\" sizes=\"auto, (max-width: 750px) 100vw, 750px\" \/><button\n\t\t\tclass=\"lightbox-trigger\"\n\t\t\ttype=\"button\"\n\t\t\taria-haspopup=\"dialog\"\n\t\t\taria-label=\"Enlarge\"\n\t\t\tdata-wp-init=\"callbacks.initTriggerButton\"\n\t\t\tdata-wp-on--click=\"actions.showLightbox\"\n\t\t\tdata-wp-style--right=\"state.imageButtonRight\"\n\t\t\tdata-wp-style--top=\"state.imageButtonTop\"\n\t\t>\n\t\t\t<svg xmlns=\"http:\/\/www.w3.org\/2000\/svg\" width=\"12\" height=\"12\" fill=\"none\" viewbox=\"0 0 12 12\">\n\t\t\t\t<path fill=\"#fff\" d=\"M2 0a2 2 0 0 0-2 2v2h1.5V2a.5.5 0 0 1 .5-.5h2V0H2Zm2 10.5H2a.5.5 0 0 1-.5-.5V8H0v2a2 2 0 0 0 2 2h2v-1.5ZM8 12v-1.5h2a.5.5 0 0 0 .5-.5V8H12v2a2 2 0 0 1-2 2H8Zm2-12a2 2 0 0 1 2 2v2h-1.5V2a.5.5 0 0 0-.5-.5H8V0h2Z\" \/>\n\t\t\t<\/svg>\n\t\t<\/button><\/figure>\n<\/div>\n\n\n\n<div class=\"wp-block-column is-layout-flow wp-block-column-is-layout-flow\">\n<div id=\"wp-block-themeisle-blocks-slider-1a9f91c0\" class=\"wp-block-themeisle-blocks-slider glide\" data-per-view=\"1\" data-gap=\"0\" data-peek=\"0\" data-autoplay=\"true\" data-height=\"400px\" data-hide-arrows=\"false\"><div class=\"glide__track\" data-glide-el=\"track\"><div class=\"glide__slides\"><div class=\"wp-block-themeisle-blocks-slider-item-wrapper glide__slide\" tabindex=\"0\"><figure><img decoding=\"async\" class=\"wp-block-themeisle-blocks-slider-item\" src=\"https:\/\/www.murmuresmurales.com\/wp-content\/uploads\/2025\/10\/work-173152390-coussin-1.jpg\" alt=\"\" title=\"\" data-id=\"127\"\/><\/figure><\/div><div class=\"wp-block-themeisle-blocks-slider-item-wrapper glide__slide\" tabindex=\"0\"><figure><img decoding=\"async\" class=\"wp-block-themeisle-blocks-slider-item\" src=\"https:\/\/www.murmuresmurales.com\/wp-content\/uploads\/2025\/10\/work-173147873-t-shirt-manches-longues.jpg\" alt=\"\" title=\"\" data-id=\"91\"\/><\/figure><\/div><div class=\"wp-block-themeisle-blocks-slider-item-wrapper glide__slide\" tabindex=\"0\"><figure><img decoding=\"async\" class=\"wp-block-themeisle-blocks-slider-item\" src=\"https:\/\/www.murmuresmurales.com\/wp-content\/uploads\/2025\/10\/work-173152523-tapis-de-bain-1.jpg\" alt=\"\" title=\"\" data-id=\"150\"\/><\/figure><\/div><div class=\"wp-block-themeisle-blocks-slider-item-wrapper glide__slide\" tabindex=\"0\"><figure><img decoding=\"async\" class=\"wp-block-themeisle-blocks-slider-item\" src=\"https:\/\/www.murmuresmurales.com\/wp-content\/uploads\/2025\/10\/work-173152623-t-shirt-coupe-relax-1.jpg\" alt=\"\" title=\"\" data-id=\"125\"\/><\/figure><\/div><div class=\"wp-block-themeisle-blocks-slider-item-wrapper glide__slide\" tabindex=\"0\"><figure><img decoding=\"async\" class=\"wp-block-themeisle-blocks-slider-item\" src=\"https:\/\/www.murmuresmurales.com\/wp-content\/uploads\/2025\/10\/work-173152842-tote-bag-double.jpg\" alt=\"\" title=\"\" data-id=\"85\"\/><\/figure><\/div><div class=\"wp-block-themeisle-blocks-slider-item-wrapper glide__slide\" tabindex=\"0\"><figure><img decoding=\"async\" class=\"wp-block-themeisle-blocks-slider-item\" src=\"https:\/\/www.murmuresmurales.com\/wp-content\/uploads\/2025\/10\/work-173146693-horloge.jpg\" alt=\"\" title=\"\" data-id=\"92\"\/><\/figure><\/div><\/div><div class=\"glide__bullets\" data-glide-el=\"controls[nav]\"><button class=\"glide__bullet\" data-glide-dir=\"=0\"><\/button><button class=\"glide__bullet\" data-glide-dir=\"=1\"><\/button><button class=\"glide__bullet\" data-glide-dir=\"=2\"><\/button><button class=\"glide__bullet\" data-glide-dir=\"=3\"><\/button><button class=\"glide__bullet\" data-glide-dir=\"=4\"><\/button><button class=\"glide__bullet\" data-glide-dir=\"=5\"><\/button><\/div><\/div><\/div>\n<\/div>\n\n\n\n<div class=\"wp-block-column is-layout-flow wp-block-column-is-layout-flow\">\n<figure data-wp-context=\"{&quot;imageId&quot;:&quot;69e1aa8b6e01e&quot;}\" data-wp-interactive=\"core\/image\" data-wp-key=\"69e1aa8b6e01e\" class=\"wp-block-image size-full wp-lightbox-container\"><img loading=\"lazy\" decoding=\"async\" width=\"675\" height=\"900\" data-wp-class--hide=\"state.isContentHidden\" data-wp-class--show=\"state.isContentVisible\" data-wp-init=\"callbacks.setButtonStyles\" data-wp-on--click=\"actions.showLightbox\" data-wp-on--load=\"callbacks.setButtonStyles\" data-wp-on-window--resize=\"callbacks.setButtonStyles\" src=\"https:\/\/www.murmuresmurales.com\/wp-content\/uploads\/2025\/10\/work-173154272-impression-rigide.jpg\" alt=\"\" class=\"wp-image-209\" srcset=\"https:\/\/www.murmuresmurales.com\/wp-content\/uploads\/2025\/10\/work-173154272-impression-rigide.jpg 675w, https:\/\/www.murmuresmurales.com\/wp-content\/uploads\/2025\/10\/work-173154272-impression-rigide-225x300.jpg 225w, https:\/\/www.murmuresmurales.com\/wp-content\/uploads\/2025\/10\/work-173154272-impression-rigide-416x555.jpg 416w\" sizes=\"auto, (max-width: 675px) 100vw, 675px\" \/><button\n\t\t\tclass=\"lightbox-trigger\"\n\t\t\ttype=\"button\"\n\t\t\taria-haspopup=\"dialog\"\n\t\t\taria-label=\"Enlarge\"\n\t\t\tdata-wp-init=\"callbacks.initTriggerButton\"\n\t\t\tdata-wp-on--click=\"actions.showLightbox\"\n\t\t\tdata-wp-style--right=\"state.imageButtonRight\"\n\t\t\tdata-wp-style--top=\"state.imageButtonTop\"\n\t\t>\n\t\t\t<svg xmlns=\"http:\/\/www.w3.org\/2000\/svg\" width=\"12\" height=\"12\" fill=\"none\" viewbox=\"0 0 12 12\">\n\t\t\t\t<path fill=\"#fff\" d=\"M2 0a2 2 0 0 0-2 2v2h1.5V2a.5.5 0 0 1 .5-.5h2V0H2Zm2 10.5H2a.5.5 0 0 1-.5-.5V8H0v2a2 2 0 0 0 2 2h2v-1.5ZM8 12v-1.5h2a.5.5 0 0 0 .5-.5V8H12v2a2 2 0 0 1-2 2H8Zm2-12a2 2 0 0 1 2 2v2h-1.5V2a.5.5 0 0 0-.5-.5H8V0h2Z\" \/>\n\t\t\t<\/svg>\n\t\t<\/button><\/figure>\n<\/div>\n<\/div>\n<\/div>\n<\/div>\n\n\n\n<div class=\"wp-block-buttons is-horizontal is-content-justification-center is-layout-flex wp-container-core-buttons-is-layout-ef5ce59c wp-block-buttons-is-layout-flex\">\n<div class=\"wp-block-button is-style-fill\"><a class=\"wp-block-button__link has-text-color has-background has-link-color wp-element-button\" href=\"https:\/\/www.murmuresmurales.com\/en\/shop\/\" style=\"color:#2e2e2e;background-color:#e7d2c8\">See all printed illustrations<\/a><\/div>\n\n\n\n<div class=\"wp-block-button is-style-fill\"><a class=\"wp-block-button__link has-text-color has-background has-link-color wp-element-button\" href=\"https:\/\/www.murmuresmurales.com\/en\/shop\/\" style=\"color:#2e2e2e;background-color:#e7d2c8\">Browse the online shop<\/a><\/div>\n<\/div>\n\n\n\n<h2 class=\"wp-block-heading has-text-align-right\"><strong>... to your favorite places<\/strong><\/h2>\n\n\n\n<div class=\"wp-block-columns container is-layout-flex wp-container-core-columns-is-layout-28f84493 wp-block-columns-is-layout-flex\">\n<div class=\"wp-block-column col-md-6 col-md-offset1 is-layout-flow wp-block-column-is-layout-flow\">\n<div class=\"wp-block-columns is-layout-flex wp-container-core-columns-is-layout-28f84493 wp-block-columns-is-layout-flex\">\n<div class=\"wp-block-column is-layout-flow wp-block-column-is-layout-flow\">\n<figure data-wp-context=\"{&quot;imageId&quot;:&quot;69e1aa8b6f0af&quot;}\" data-wp-interactive=\"core\/image\" data-wp-key=\"69e1aa8b6f0af\" class=\"wp-block-image size-large wp-lightbox-container\"><img loading=\"lazy\" decoding=\"async\" width=\"683\" height=\"1024\" data-wp-class--hide=\"state.isContentHidden\" data-wp-class--show=\"state.isContentVisible\" data-wp-init=\"callbacks.setButtonStyles\" data-wp-on--click=\"actions.showLightbox\" data-wp-on--load=\"callbacks.setButtonStyles\" data-wp-on-window--resize=\"callbacks.setButtonStyles\" src=\"https:\/\/www.murmuresmurales.com\/wp-content\/uploads\/2025\/10\/image-4-683x1024.png\" alt=\"\" class=\"wp-image-141\" srcset=\"https:\/\/www.murmuresmurales.com\/wp-content\/uploads\/2025\/10\/image-4-683x1024.png 683w, https:\/\/www.murmuresmurales.com\/wp-content\/uploads\/2025\/10\/image-4-416x624.png 416w, https:\/\/www.murmuresmurales.com\/wp-content\/uploads\/2025\/10\/image-4-200x300.png 200w, https:\/\/www.murmuresmurales.com\/wp-content\/uploads\/2025\/10\/image-4-768x1152.png 768w, https:\/\/www.murmuresmurales.com\/wp-content\/uploads\/2025\/10\/image-4.png 1024w\" sizes=\"auto, (max-width: 683px) 100vw, 683px\" \/><button\n\t\t\tclass=\"lightbox-trigger\"\n\t\t\ttype=\"button\"\n\t\t\taria-haspopup=\"dialog\"\n\t\t\taria-label=\"Enlarge\"\n\t\t\tdata-wp-init=\"callbacks.initTriggerButton\"\n\t\t\tdata-wp-on--click=\"actions.showLightbox\"\n\t\t\tdata-wp-style--right=\"state.imageButtonRight\"\n\t\t\tdata-wp-style--top=\"state.imageButtonTop\"\n\t\t>\n\t\t\t<svg xmlns=\"http:\/\/www.w3.org\/2000\/svg\" width=\"12\" height=\"12\" fill=\"none\" viewbox=\"0 0 12 12\">\n\t\t\t\t<path fill=\"#fff\" d=\"M2 0a2 2 0 0 0-2 2v2h1.5V2a.5.5 0 0 1 .5-.5h2V0H2Zm2 10.5H2a.5.5 0 0 1-.5-.5V8H0v2a2 2 0 0 0 2 2h2v-1.5ZM8 12v-1.5h2a.5.5 0 0 0 .5-.5V8H12v2a2 2 0 0 1-2 2H8Zm2-12a2 2 0 0 1 2 2v2h-1.5V2a.5.5 0 0 0-.5-.5H8V0h2Z\" \/>\n\t\t\t<\/svg>\n\t\t<\/button><\/figure>\n<\/div>\n\n\n\n<div class=\"wp-block-column is-layout-flow wp-block-column-is-layout-flow\">\n<figure data-wp-context=\"{&quot;imageId&quot;:&quot;69e1aa8b6f623&quot;}\" data-wp-interactive=\"core\/image\" data-wp-key=\"69e1aa8b6f623\" class=\"wp-block-image size-large wp-lightbox-container\"><img loading=\"lazy\" decoding=\"async\" width=\"683\" height=\"1024\" data-wp-class--hide=\"state.isContentHidden\" data-wp-class--show=\"state.isContentVisible\" data-wp-init=\"callbacks.setButtonStyles\" data-wp-on--click=\"actions.showLightbox\" data-wp-on--load=\"callbacks.setButtonStyles\" data-wp-on-window--resize=\"callbacks.setButtonStyles\" src=\"https:\/\/www.murmuresmurales.com\/wp-content\/uploads\/2025\/10\/image-2-683x1024.png\" alt=\"\" class=\"wp-image-142\" srcset=\"https:\/\/www.murmuresmurales.com\/wp-content\/uploads\/2025\/10\/image-2-683x1024.png 683w, https:\/\/www.murmuresmurales.com\/wp-content\/uploads\/2025\/10\/image-2-416x624.png 416w, https:\/\/www.murmuresmurales.com\/wp-content\/uploads\/2025\/10\/image-2-200x300.png 200w, https:\/\/www.murmuresmurales.com\/wp-content\/uploads\/2025\/10\/image-2-768x1152.png 768w, https:\/\/www.murmuresmurales.com\/wp-content\/uploads\/2025\/10\/image-2.png 1024w\" sizes=\"auto, (max-width: 683px) 100vw, 683px\" \/><button\n\t\t\tclass=\"lightbox-trigger\"\n\t\t\ttype=\"button\"\n\t\t\taria-haspopup=\"dialog\"\n\t\t\taria-label=\"Enlarge\"\n\t\t\tdata-wp-init=\"callbacks.initTriggerButton\"\n\t\t\tdata-wp-on--click=\"actions.showLightbox\"\n\t\t\tdata-wp-style--right=\"state.imageButtonRight\"\n\t\t\tdata-wp-style--top=\"state.imageButtonTop\"\n\t\t>\n\t\t\t<svg xmlns=\"http:\/\/www.w3.org\/2000\/svg\" width=\"12\" height=\"12\" fill=\"none\" viewbox=\"0 0 12 12\">\n\t\t\t\t<path fill=\"#fff\" d=\"M2 0a2 2 0 0 0-2 2v2h1.5V2a.5.5 0 0 1 .5-.5h2V0H2Zm2 10.5H2a.5.5 0 0 1-.5-.5V8H0v2a2 2 0 0 0 2 2h2v-1.5ZM8 12v-1.5h2a.5.5 0 0 0 .5-.5V8H12v2a2 2 0 0 1-2 2H8Zm2-12a2 2 0 0 1 2 2v2h-1.5V2a.5.5 0 0 0-.5-.5H8V0h2Z\" \/>\n\t\t\t<\/svg>\n\t\t<\/button><\/figure>\n<\/div>\n\n\n\n<div class=\"wp-block-column is-layout-flow wp-block-column-is-layout-flow\">\n<figure data-wp-context=\"{&quot;imageId&quot;:&quot;69e1aa8b6fb30&quot;}\" data-wp-interactive=\"core\/image\" data-wp-key=\"69e1aa8b6fb30\" class=\"wp-block-image size-large wp-lightbox-container\"><img loading=\"lazy\" decoding=\"async\" width=\"683\" height=\"1024\" data-wp-class--hide=\"state.isContentHidden\" data-wp-class--show=\"state.isContentVisible\" data-wp-init=\"callbacks.setButtonStyles\" data-wp-on--click=\"actions.showLightbox\" data-wp-on--load=\"callbacks.setButtonStyles\" data-wp-on-window--resize=\"callbacks.setButtonStyles\" src=\"https:\/\/www.murmuresmurales.com\/wp-content\/uploads\/2025\/10\/image-1-683x1024.png\" alt=\"\" class=\"wp-image-143\" srcset=\"https:\/\/www.murmuresmurales.com\/wp-content\/uploads\/2025\/10\/image-1-683x1024.png 683w, https:\/\/www.murmuresmurales.com\/wp-content\/uploads\/2025\/10\/image-1-416x624.png 416w, https:\/\/www.murmuresmurales.com\/wp-content\/uploads\/2025\/10\/image-1-200x300.png 200w, https:\/\/www.murmuresmurales.com\/wp-content\/uploads\/2025\/10\/image-1-768x1152.png 768w, https:\/\/www.murmuresmurales.com\/wp-content\/uploads\/2025\/10\/image-1.png 1024w\" sizes=\"auto, (max-width: 683px) 100vw, 683px\" \/><button\n\t\t\tclass=\"lightbox-trigger\"\n\t\t\ttype=\"button\"\n\t\t\taria-haspopup=\"dialog\"\n\t\t\taria-label=\"Enlarge\"\n\t\t\tdata-wp-init=\"callbacks.initTriggerButton\"\n\t\t\tdata-wp-on--click=\"actions.showLightbox\"\n\t\t\tdata-wp-style--right=\"state.imageButtonRight\"\n\t\t\tdata-wp-style--top=\"state.imageButtonTop\"\n\t\t>\n\t\t\t<svg xmlns=\"http:\/\/www.w3.org\/2000\/svg\" width=\"12\" height=\"12\" fill=\"none\" viewbox=\"0 0 12 12\">\n\t\t\t\t<path fill=\"#fff\" d=\"M2 0a2 2 0 0 0-2 2v2h1.5V2a.5.5 0 0 1 .5-.5h2V0H2Zm2 10.5H2a.5.5 0 0 1-.5-.5V8H0v2a2 2 0 0 0 2 2h2v-1.5ZM8 12v-1.5h2a.5.5 0 0 0 .5-.5V8H12v2a2 2 0 0 1-2 2H8Zm2-12a2 2 0 0 1 2 2v2h-1.5V2a.5.5 0 0 0-.5-.5H8V0h2Z\" \/>\n\t\t\t<\/svg>\n\t\t<\/button><\/figure>\n<\/div>\n<\/div>\n<\/div>\n<\/div>\n\n\n\n<div class=\"wp-block-buttons is-horizontal is-content-justification-center is-layout-flex wp-container-core-buttons-is-layout-ef5ce59c wp-block-buttons-is-layout-flex\">\n<div class=\"wp-block-button is-style-fill\"><a class=\"wp-block-button__link has-text-color has-background has-link-color wp-element-button\" href=\"https:\/\/www.murmuresmurales.com\/en\/fresques-murales\/\" style=\"color:#faf8f5;background-color:#9ca88c\">See all murals<\/a><\/div>\n\n\n\n<div class=\"wp-block-button is-style-fill\"><a class=\"wp-block-button__link has-text-color has-background has-link-color wp-element-button\" href=\"https:\/\/www.murmuresmurales.com\/en\/fresques-murales\/#contact-murales\" style=\"color:#faf8f5;background-color:#9ca88c\">Request a quote<\/a><\/div>\n<\/div>\n\n\n\n<p><\/p>","protected":false},"excerpt":{"rendered":"<p>Faire respirer vos mursavec po\u00e9sie Ici, chaque cr\u00e9ation est un souffle, une ligne, une fleur.Je peins des fresques murales et je dessine des illustrations minimalistes qui c\u00e9l\u00e8brent la beaut\u00e9 f\u00e9minine, la nature, et l\u2019introspection \u2014 pour transformer vos int\u00e9rieurs et objets en lieux d\u2019ancrage, d\u2019inspiration et de douceur.Bonne visite! &#8211; Gwen De vos objets&#8230; &#8230; [&hellip;]<\/p>","protected":false},"author":2,"featured_media":0,"parent":0,"menu_order":0,"comment_status":"closed","ping_status":"closed","template":"","meta":{"advanced_seo_description":"Bienvenue chez Murmures! Je peins des fresques murales et des illustrations v\u00e9g\u00e9tales pour transformer lieux et objets avec d\u2019inspiration et de douceur.","jetpack_seo_html_title":"Murmures, faire respirer vos murs avec po\u00e9sie","jetpack_seo_noindex":false,"_themeisle_gutenberg_block_has_review":false,"footnotes":""},"class_list":["post-121","page","type-page","status-publish","hentry"],"jetpack_sharing_enabled":true,"_links":{"self":[{"href":"https:\/\/www.murmuresmurales.com\/en\/wp-json\/wp\/v2\/pages\/121","targetHints":{"allow":["GET"]}}],"collection":[{"href":"https:\/\/www.murmuresmurales.com\/en\/wp-json\/wp\/v2\/pages"}],"about":[{"href":"https:\/\/www.murmuresmurales.com\/en\/wp-json\/wp\/v2\/types\/page"}],"author":[{"embeddable":true,"href":"https:\/\/www.murmuresmurales.com\/en\/wp-json\/wp\/v2\/users\/2"}],"replies":[{"embeddable":true,"href":"https:\/\/www.murmuresmurales.com\/en\/wp-json\/wp\/v2\/comments?post=121"}],"version-history":[{"count":39,"href":"https:\/\/www.murmuresmurales.com\/en\/wp-json\/wp\/v2\/pages\/121\/revisions"}],"predecessor-version":[{"id":3067,"href":"https:\/\/www.murmuresmurales.com\/en\/wp-json\/wp\/v2\/pages\/121\/revisions\/3067"}],"wp:attachment":[{"href":"https:\/\/www.murmuresmurales.com\/en\/wp-json\/wp\/v2\/media?parent=121"}],"curies":[{"name":"wp","href":"https:\/\/api.w.org\/{rel}","templated":true}]}}